
{"id":2992,"date":"2024-04-19T08:46:00","date_gmt":"2024-04-19T08:46:00","guid":{"rendered":"http:\/\/localhost:8888\/melodica-wp\/?page_id=2992"},"modified":"2025-11-29T16:12:45","modified_gmt":"2025-11-29T13:12:45","slug":"home","status":"publish","type":"page","link":"https:\/\/www.zaurxan.com\/","title":{"rendered":"Home"},"content":{"rendered":"\t\t<div data-elementor-type=\"wp-page\" data-elementor-id=\"2992\" class=\"elementor elementor-2992\">\n\t\t\t\t<div class=\"elementor-element elementor-element-cc97239 e-con-full e-flex e-con e-parent\" data-id=\"cc97239\" data-element_type=\"container\">\n\t\t\t\t<div class=\"elementor-element elementor-element-142e472 elementor-widget elementor-widget-hero\" data-id=\"142e472\" data-element_type=\"widget\" data-widget_type=\"hero.default\">\n\t\t\t\t<div class=\"elementor-widget-container\">\n\t\t\t\t\t\n\n<div class=\"hero-1\">\n        <div class=\"outer\">\n            <div class=\"inner\">\n                <div class=\"hero-wrapper\">\n                    <div class=\"text\">\n\t\t\t\t\t\t<style>\n\n\t\t\t\t\t\t\t\n\t\t\t\t\t\t\t.title span{\n\t\t\t\t\t\t\t\tbackground: linear-gradient(87.6deg, #F80909 -31.42%, #01F819 112.86%);\n\t\t\t\t\t\t\t\t-webkit-background-clip: text;\n\t\t\t\t\t\t\t\t-webkit-text-fill-color: transparent;\n\t\t\t\t\t\t\t\tbackground-clip: text;\n\t\t\t\t\t\t\t\ttext-fill-color: transparent;\n\t\t\t\t\t\t\t}\n\n\t\t\t\t\t\t\t\t\t\t\t\t\t<\/style>\n                        <div class=\"title\"><h1 class=\"text-anime\"><span>We are <\/span>Musicians<\/h1><\/div>\n                        <p class=\"subheading text-anime\">WELCOME TO <br>\nOUR OFFICIAL WEBSITE<\/p>\n                    <\/div>\n                    <div class=\"image image-anime\">\n                        <img decoding=\"async\" src=\"https:\/\/www.zaurxan.com\/wp-content\/uploads\/2025\/11\/WhatsApp-Gorsel-2025-11-29-saat-11.55.22_a8f13679-1.jpg\" alt=\"hero\">\n                    <\/div>\n                <\/div>\n            <\/div>\n        <\/div>\n        <div class=\"bottom-area fade-in\">\n            <div class=\"area-container\">\n                <div class=\"row\">\n                    <div class=\"col-xl-6 col-md-2 col-6\">\n                        <div class=\"down-arrow\">\n                            <i class=\"ri-arrow-down-line\"><\/i>\n                        <\/div>\n                    <\/div>\n                    <div class=\"col-xl-6 col-md-10 col-6\">\n                        <div class=\"social-trigger\">\n                            <p>follow us<\/p>\n                            <i class=\"ri-share-line\"><\/i>\n                        <\/div>\n                        <div class=\"social-mobile\">\n                            <div class=\"close\">\n                                <i class=\"ri-close-line\"><\/i>\n                            <\/div>\n                            <div class=\"outer\">\n                                <div class=\"inner\">\n\t\t\t\t\t\t\t\t\t  \n                                    \t<a  target=\"_blank\" href=\"\">facebook<\/a>\n\t\t\t\t\t\t\t\t\t  \n                                    \t<a  target=\"_blank\" href=\"\">twitter<\/a>\n\t\t\t\t\t\t\t\t\t  \n                                    \t<a  target=\"_blank\" href=\"\">instagram<\/a>\n\t\t\t\t\t\t\t\t\t  \n                                    \t<a  target=\"_blank\" href=\"\">youtube<\/a>\n\t\t\t\t\t\t\t\t\t                                <\/div>\n                            <\/div>\n                        <\/div>\n                        <div class=\"social\">\n\t\t\t\t\t\t\t\t\t                                    \t<a  target=\"_blank\" href=\"\"> \n\t\t\t\t\t\t\t\t\t\t \t\t facebook<\/a>\n\t\t\t\t\t\t\t\t\t                                    \t<a  target=\"_blank\" href=\"\"> \n\t\t\t\t\t\t\t\t\t\t \t\t twitter<\/a>\n\t\t\t\t\t\t\t\t\t                                    \t<a  target=\"_blank\" href=\"\"> \n\t\t\t\t\t\t\t\t\t\t \t\t instagram<\/a>\n\t\t\t\t\t\t\t\t\t                                    \t<a  target=\"_blank\" href=\"\"> \n\t\t\t\t\t\t\t\t\t\t \t\t youtube<\/a>\n\t\t\t\t\t\t\t\t\t                        <\/div>\n                    <\/div>\n                <\/div>\n            <\/div>\n        <\/div>\n    <\/div>\n\n\n\n\t\t\t\t<\/div>\n\t\t\t\t<\/div>\n\t\t\t\t<\/div>\n\t\t<div class=\"elementor-element elementor-element-01a61d1 e-flex e-con-boxed e-con e-parent\" data-id=\"01a61d1\" data-element_type=\"container\">\n\t\t\t\t\t<div class=\"e-con-inner\">\n\t\t\t\t<div class=\"elementor-element elementor-element-f6e3868 elementor-widget elementor-widget-music_player\" data-id=\"f6e3868\" data-element_type=\"widget\" data-widget_type=\"music_player.default\">\n\t\t\t\t<div class=\"elementor-widget-container\">\n\t\t\t\t\t\t\t\t<style>\n\t\t\t.buy-button:before{\n\t\t\t\tbackground: linear-gradient(332deg, #093DF8 -61.42%, #BC5FFC 112.86%);\n\t\t\t}\n\n\t\t\t.buy-button::after{\n\t\t\t\tbackground: linear-gradient(332deg, #BC5FFC -61.42%, #093DF8 112.86%);\n\t\t\t}\n\t\t<\/style>\n\t\t\t\n    <div class=\"music-player\">\n        <div class=\"container\">\n            <div class=\"fiddle-player fade-in\">\n                <div class=\"row gx-0\">\n                    <div class=\"col-xl-4 col-lg-6\">\n                        <div class=\"album-cover\">\n                            <img class=\"album-art\" data-amplitude-song-info=\"cover_art_url\">\n                            <!-- <img class=\"album-hover\"> -->\n                        <\/div>\n                    <\/div>\n                    <div class=\"col-xl-8 col-lg-6 col-md-12 player-right\">\n                        <div class=\"playlist-header\">\n                            <div class=\"left-area\">\n                                <span>MUSIC PLAYER<\/span>\n                                <h6 class=\"album-name\">Featured Songs<\/h6>\n                            <\/div>\n                            <div class=\"right-area\">\n\t\t\t\t\t\t\t\t  \n                                \t<a href=\"\"  target=&quot;_blank&quot; class=\"buy-button\">BUY ON ITUNES<\/a>\n\t\t\t\t\t\t\t\t                            <\/div>\n                        <\/div>\n                        <!-- Play List-->\n                        <div class=\"play-list\">\n\t\t\t\t\t\t\t                            <div class=\"list-song amplitude-play-pause amplitude-song-container\" data-id=\"2\" data-title=\"D\u00fc\u015f\u00fcn Meni\" data-artist=\"Zaur Xan\" data-cover=\"https:\/\/www.zaurxan.com\/wp-content\/uploads\/2025\/11\/WhatsApp-Gorsel-2025-11-29-saat-11.55.35_4419d175.jpg\" data-url=\"https:\/\/www.zaurxan.com\/wp-content\/uploads\/2025\/11\/WhatsApp-Video-2025-11-29-saat-11.54.31_28e1c473.mp4\"><\/div>\n\t\t\t\t\t\t\t                            <div class=\"list-song amplitude-play-pause amplitude-song-container\" data-id=\"2\" data-title=\"Mey Menem\" data-artist=\"Zaur Xan\" data-cover=\"https:\/\/www.zaurxan.com\/wp-content\/uploads\/2025\/11\/WhatsApp-Gorsel-2025-11-29-saat-11.55.35_2cf18803.jpg\" data-url=\"https:\/\/www.zaurxan.com\/wp-content\/uploads\/2025\/11\/mey-menem.mp4\"><\/div>\n\t\t\t\t\t\t\t                            <div class=\"list-song amplitude-play-pause amplitude-song-container\" data-id=\"2\" data-title=\"Bir Xatire Qald\u0131 Senden\" data-artist=\"Zaur Xan\" data-cover=\"https:\/\/www.zaurxan.com\/wp-content\/uploads\/2025\/11\/WhatsApp-Gorsel-2025-11-29-saat-11.55.22_a8f13679-1.jpg\" data-url=\"https:\/\/www.zaurxan.com\/wp-content\/uploads\/2025\/11\/bir-xatire-qaldi-senden.mp4\"><\/div>\n\t\t\t\t\t\t\t                        <\/div>\n                        <!-- Controls-->\n                        <div class=\"player-controls\">\n                            <div id=\"progress progress-container\">\n                                <input type=\"range\" class=\"amplitude-song-slider\">\n                                    <progress id=\"song-played-progress\" class=\"amplitude-song-played-progress\" value=\"0.5499999981030104\"><\/progress>\n                                    <progress id=\"song-buffered-progress\" class=\"amplitude-buffered-progress\" value=\"0.8165591712219394\"><\/progress>\n                                <\/div>\n                            <div class=\"row\">\n                                <div class=\"col-xl-4 col-md-4 col-6 current-song\">\n                                    <span>PLAYING<\/span>\n                                    <div class=\"song-title\"><\/div>\n                                    <div class=\"song-title\" data-amplitude-song-info=\"name\"><\/div>\n                                <\/div>\n                                <div class=\"col-xl-4 col-md-4 col-12 controls\">\n                                    <div class=\"prev amplitude-prev\"><i class=\"ri-skip-back-fill\"><\/i><\/div>\n                                    <div class=\"play-pause amplitude-play-pause\"><\/div>\n                                    <div class=\"next amplitude-next\"><i class=\"ri-skip-forward-fill\"><\/i><\/div>\n                                <\/div>\n                                <div class=\"col-xl-4 col-md-4 col-6 time\"><div class=\"playing-time\"><span class=\"play-current-time\"><span class=\"current-time\"><span class=\"amplitude-current-minutes\" ><\/span>:<span class=\"amplitude-current-seconds\"><\/span><\/span><\/span><span class=\"brace\">\/<\/span><span class=\"play-total-time\"><span class=\"amplitude-duration-minutes\"><\/span>:<span class=\"amplitude-duration-seconds\"><\/span><\/span><\/div><\/div>\n                            <\/div>\n                        <\/div>\n\t\t\t\t\t\t<div class=\"album-bg\"><img class=\"album-art\" data-amplitude-song-info=\"cover_art_url\"><\/div>\n                    <\/div>\n                <\/div>\n            <\/div>\n        <\/div>\n    <\/div>\n\n\n\t\t\t\t<\/div>\n\t\t\t\t<\/div>\n\t\t\t\t\t<\/div>\n\t\t\t\t<\/div>\n\t\t<div class=\"elementor-element elementor-element-fdb34a8 e-flex e-con-boxed e-con e-parent\" data-id=\"fdb34a8\" data-element_type=\"container\">\n\t\t\t\t\t<div class=\"e-con-inner\">\n\t\t\t\t<div class=\"elementor-element elementor-element-27e897b elementor-widget elementor-widget-heading\" data-id=\"27e897b\" data-element_type=\"widget\" data-widget_type=\"heading.default\">\n\t\t\t\t<div class=\"elementor-widget-container\">\n\t\t\t\t\t\n<style>\n\n\t.text-gradient {\n\t\tcolor:  ;\n\t}\n<\/style>\n\n\t<h4 class=\"text-anime title-h text-gradient\">New video clip is out now<\/h4>\t\n\n\t\t\t\t<\/div>\n\t\t\t\t<\/div>\n\t\t\t\t<div class=\"elementor-element elementor-element-97e222c elementor-widget elementor-widget-paragraph\" data-id=\"97e222c\" data-element_type=\"widget\" data-widget_type=\"paragraph.default\">\n\t\t\t\t<div class=\"elementor-widget-container\">\n\t\t\t\t\t\n\t<p class=\"body-three  text-anime align-center\">Our new video clip has been released. With great interest, it became<br>\none of the top 10 most watched videos on youtube.<\/p>\n\n\n\n\t\t\t\t<\/div>\n\t\t\t\t<\/div>\n\t\t\t\t\t<\/div>\n\t\t\t\t<\/div>\n\t\t<div class=\"elementor-element elementor-element-6152a3c e-grid e-con-full e-con e-parent\" data-id=\"6152a3c\" data-element_type=\"container\">\n\t\t\t\t<div class=\"elementor-element elementor-element-0251583 elementor-widget__width-inherit elementor-widget-mobile__width-auto elementor-widget elementor-widget-parallax_image\" data-id=\"0251583\" data-element_type=\"widget\" data-widget_type=\"parallax_image.default\">\n\t\t\t\t<div class=\"elementor-widget-container\">\n\t\t\t\t\t\n<div class=\"video-type-2\">\n        <div class=\"caption\">\n            <div class=\"outer\">\n                <div class=\"inner\">\n                    <div class=\"container px-4\">\n                        <div class=\"row\">\n                            <div class=\"col-xl-8 col-lg-8\">\n                                <span class=\"subtitle text-anime\">Zaur Xan<\/span>\n                                <h3 class=\"text-anime\">D\u00fc\u015f\u00fcn Meni<\/h3>\n                                <div class=\"spacer-15\"><\/div>\n                                <p class=\"body-three text-anime\">It became the most popular with 600 Million views.<\/p>\n                            <\/div>\n                            <div class=\"col-xl-4 col-lg-4\"> \n                                <a href=\"https:\/\/www.zaurxan.com\/wp-content\/uploads\/2025\/11\/WhatsApp-Video-2025-11-29-saat-11.54.31_28e1c473.mp4\" class=\"play-video popup-youtube fade-in\"><i class=\"ri-play-fill\"><\/i><\/a>\n                            <\/div>\n                        <\/div>\n                    <\/div>\n                <\/div>\n            <\/div>\n        <\/div>\n        <div class=\"image\" style=\"background-image: url('https:\/\/www.zaurxan.com\/wp-content\/uploads\/2025\/11\/WhatsApp-Gorsel-2025-11-29-saat-11.55.35_2cf18803.jpg');\"><\/div>\n    <\/div>\n\n\t\t\t\t<\/div>\n\t\t\t\t<\/div>\n\t\t\t\t<div class=\"elementor-element elementor-element-449c3a5 elementor-widget__width-inherit elementor-widget-mobile__width-auto elementor-widget elementor-widget-parallax_image\" data-id=\"449c3a5\" data-element_type=\"widget\" data-widget_type=\"parallax_image.default\">\n\t\t\t\t<div class=\"elementor-widget-container\">\n\t\t\t\t\t\n<div class=\"video-type-2\">\n        <div class=\"caption\">\n            <div class=\"outer\">\n                <div class=\"inner\">\n                    <div class=\"container px-4\">\n                        <div class=\"row\">\n                            <div class=\"col-xl-8 col-lg-8\">\n                                <span class=\"subtitle text-anime\">Zaur Xan<\/span>\n                                <h3 class=\"text-anime\">Ne G\u00f6zel Toy 2024<\/h3>\n                                <div class=\"spacer-15\"><\/div>\n                                <p class=\"body-three text-anime\">\n<\/p>\n                            <\/div>\n                            <div class=\"col-xl-4 col-lg-4\"> \n                                <a href=\"https:\/\/www.zaurxan.com\/wp-content\/uploads\/2025\/11\/Ne-Gozel-Toy.mp4\" class=\"play-video popup-youtube fade-in\"><i class=\"ri-play-fill\"><\/i><\/a>\n                            <\/div>\n                        <\/div>\n                    <\/div>\n                <\/div>\n            <\/div>\n        <\/div>\n        <div class=\"image\" style=\"background-image: url('https:\/\/www.zaurxan.com\/wp-content\/uploads\/2025\/11\/WhatsApp-Gorsel-2025-11-29-saat-11.55.22_a8f13679-1.jpg');\"><\/div>\n    <\/div>\n\n\t\t\t\t<\/div>\n\t\t\t\t<\/div>\n\t\t\t\t<\/div>\n\t\t<div class=\"elementor-element elementor-element-b00915e e-flex e-con-boxed e-con e-parent\" data-id=\"b00915e\" data-element_type=\"container\">\n\t\t\t\t\t<div class=\"e-con-inner\">\n\t\t\t\t<div class=\"elementor-element elementor-element-6d60666 elementor-widget elementor-widget-button\" data-id=\"6d60666\" data-element_type=\"widget\" data-widget_type=\"button.default\">\n\t\t\t\t<div class=\"elementor-widget-container\">\n\t\t\t\t\t\n\t \n\t<a href=\"\"  target=\"_blank\" class=\"button-two fade-in\"><div class=\"button-wrapper\"><span data-hover=\"See All Videos\">See All Videos<\/span><\/div><\/a>\n\n\n\n\n\t\t\t\t<\/div>\n\t\t\t\t<\/div>\n\t\t\t\t\t<\/div>\n\t\t\t\t<\/div>\n\t\t<div class=\"elementor-element elementor-element-20ef992 e-flex e-con-boxed e-con e-parent\" data-id=\"20ef992\" data-element_type=\"container\">\n\t\t\t\t\t<div class=\"e-con-inner\">\n\t\t<div class=\"elementor-element elementor-element-896556d e-con-full e-flex e-con e-child\" data-id=\"896556d\" data-element_type=\"container\">\n\t\t\t\t<div class=\"elementor-element elementor-element-6a7b657 elementor-widget elementor-widget-heading\" data-id=\"6a7b657\" data-element_type=\"widget\" data-widget_type=\"heading.default\">\n\t\t\t\t<div class=\"elementor-widget-container\">\n\t\t\t\t\t\n<style>\n\n\t.text-gradient {\n\t\tcolor:  ;\n\t}\n<\/style>\n\n\t<h4 class=\"text-anime title-h text-gradient\">Upcoming gigs<\/h4>\t\n\n\t\t\t\t<\/div>\n\t\t\t\t<\/div>\n\t\t\t\t<div class=\"elementor-element elementor-element-b2cc636 elementor-widget elementor-widget-paragraph\" data-id=\"b2cc636\" data-element_type=\"widget\" data-widget_type=\"paragraph.default\">\n\t\t\t\t<div class=\"elementor-widget-container\">\n\t\t\t\t\t\n\t<p class=\"body-three  text-anime align-left\">Follow our ongoing concerts all over<br>\nthe world in 2022.<\/p>\n\n\n\n\t\t\t\t<\/div>\n\t\t\t\t<\/div>\n\t\t\t\t<\/div>\n\t\t<div class=\"elementor-element elementor-element-35af5b3 e-con-full e-flex e-con e-child\" data-id=\"35af5b3\" data-element_type=\"container\">\n\t\t\t\t<div class=\"elementor-element elementor-element-a61ec0d elementor-widget elementor-widget-button\" data-id=\"a61ec0d\" data-element_type=\"widget\" data-widget_type=\"button.default\">\n\t\t\t\t<div class=\"elementor-widget-container\">\n\t\t\t\t\t\n\t<div class=\"link-outer fade-right\"> \n\t\t<a  target=\"_blank\" href=\"\" class=\"link-with-arrow\"><span data-hover=\"View all gigs\">View all gigs<\/span><\/a>\n\t<\/div>\n\n\t\n\n\n\n\t\t\t\t<\/div>\n\t\t\t\t<\/div>\n\t\t\t\t<\/div>\n\t\t\t\t\t<\/div>\n\t\t\t\t<\/div>\n\t\t<div class=\"elementor-element elementor-element-ba5ce49 e-flex e-con-boxed e-con e-parent\" data-id=\"ba5ce49\" data-element_type=\"container\" data-settings=\"{&quot;background_background&quot;:&quot;classic&quot;}\">\n\t\t\t\t\t<div class=\"e-con-inner\">\n\t\t\t\t<div class=\"elementor-element elementor-element-eda6b1c elementor-widget elementor-widget-upcoming_gigs\" data-id=\"eda6b1c\" data-element_type=\"widget\" data-widget_type=\"upcoming_gigs.default\">\n\t\t\t\t<div class=\"elementor-widget-container\">\n\t\t\t\t\t\n\n\n<div class=\"upcoming-gigs-1\">\n        <!-- GIGS -->\n        <div class=\"gigs\">\n\t\t\t<ul>\n\t\t\t\t\t\t\t<li class=\"row gx-0 fade-in\">\n\t\t\t\t\t<div class=\"col-xl-3 col-md-3 col-12 list-area\"><div class=\"left-area\"><span class=\"date\">May 14<\/span><span class=\"city\">LONDON<\/span><\/div><\/div>\n\t\t\t\t\t<div class=\"col-xl-4 col-md-4 col-12 list-area\"><span class=\"location\"><i class=\"fas fa-map-marker-alt\"><\/i>London Event Apollio<\/span><\/div>\n\t\t\t\t\t<div class=\"col-xl-2 col-md-2 col-12 list-area\"><span class=\"time\"><i class=\"ri-time-line\"><\/i>21:00<\/span><\/div>\n\t\t\t\t\t<div class=\"col-xl-3 col-md-3 col-12 list-area\"><a class=\"button-two\"><div class=\"button-wrapper\"><span data-hover=\"Buy Ticket\">Buy Ticket<\/span><\/div><\/a><\/div>\n\t\t\t\t<\/li>\n\t\t\t\t\t\t\t<li class=\"row gx-0 fade-in\">\n\t\t\t\t\t<div class=\"col-xl-3 col-md-3 col-12 list-area\"><div class=\"left-area\"><span class=\"date\">May 25<\/span><span class=\"city\">AMSTERDAM<\/span><\/div><\/div>\n\t\t\t\t\t<div class=\"col-xl-4 col-md-4 col-12 list-area\"><span class=\"location\"><i class=\"fas fa-map-marker-alt\"><\/i>Summerburst Festival, G\u00f6teborg (SE)<\/span><\/div>\n\t\t\t\t\t<div class=\"col-xl-2 col-md-2 col-12 list-area\"><span class=\"time\"><i class=\"ri-time-line\"><\/i>19:30<\/span><\/div>\n\t\t\t\t\t<div class=\"col-xl-3 col-md-3 col-12 list-area\"><a class=\"button-two\"><div class=\"button-wrapper\"><span data-hover=\"Buy Ticket\">Buy Ticket<\/span><\/div><\/a><\/div>\n\t\t\t\t<\/li>\n\t\t\t\t\t\t\t<li class=\"row gx-0 fade-in\">\n\t\t\t\t\t<div class=\"col-xl-3 col-md-3 col-12 list-area\"><div class=\"left-area\"><span class=\"date\">June 02<\/span><span class=\"city\">WIEN<\/span><\/div><\/div>\n\t\t\t\t\t<div class=\"col-xl-4 col-md-4 col-12 list-area\"><span class=\"location\"><i class=\"fas fa-map-marker-alt\"><\/i>Creamfields South Festival, Chelmsford (UK)<\/span><\/div>\n\t\t\t\t\t<div class=\"col-xl-2 col-md-2 col-12 list-area\"><span class=\"time\"><i class=\"ri-time-line\"><\/i>20:00<\/span><\/div>\n\t\t\t\t\t<div class=\"col-xl-3 col-md-3 col-12 list-area\"><a class=\"button-two\"><div class=\"button-wrapper\"><span data-hover=\"Buy Ticket\">Buy Ticket<\/span><\/div><\/a><\/div>\n\t\t\t\t<\/li>\n\t\t\t\t\t\t\t<li class=\"row gx-0 fade-in\">\n\t\t\t\t\t<div class=\"col-xl-3 col-md-3 col-12 list-area\"><div class=\"left-area\"><span class=\"date\">June 10<\/span><span class=\"city\">LONDON<\/span><\/div><\/div>\n\t\t\t\t\t<div class=\"col-xl-4 col-md-4 col-12 list-area\"><span class=\"location\"><i class=\"fas fa-map-marker-alt\"><\/i>XS, Las Vegas (US)<\/span><\/div>\n\t\t\t\t\t<div class=\"col-xl-2 col-md-2 col-12 list-area\"><span class=\"time\"><i class=\"ri-time-line\"><\/i>22:30<\/span><\/div>\n\t\t\t\t\t<div class=\"col-xl-3 col-md-3 col-12 list-area\"><a class=\"button-two\"><div class=\"button-wrapper\"><span data-hover=\"Buy Ticket\">Buy Ticket<\/span><\/div><\/a><\/div>\n\t\t\t\t<\/li>\n\t\t\t\t\t\t<\/ul>\n        <\/div>\n    <\/div>\n\n\n\t\t\t\t<\/div>\n\t\t\t\t<\/div>\n\t\t\t\t\t<\/div>\n\t\t\t\t<\/div>\n\t\t\t\t<\/div>\n\t\t","protected":false},"excerpt":{"rendered":"<p>We are Musicians WELCOME TO OUR OFFICIAL WEBSITE follow us facebook twitter instagram youtube facebook twitter instagram youtube MUSIC PLAYER Featured Songs BUY ON ITUNES PLAYING :\/: New video clip&#8230;<\/p>\n","protected":false},"author":1,"featured_media":0,"parent":0,"menu_order":0,"comment_status":"closed","ping_status":"closed","template":"","meta":{"_acf_changed":false,"_monsterinsights_skip_tracking":false,"_monsterinsights_sitenote_active":false,"_monsterinsights_sitenote_note":"","_monsterinsights_sitenote_category":0,"footnotes":""},"class_list":["post-2992","page","type-page","status-publish","hentry"],"acf":[],"aioseo_notices":[],"_links":{"self":[{"href":"https:\/\/www.zaurxan.com\/index.php\/wp-json\/wp\/v2\/pages\/2992","targetHints":{"allow":["GET"]}}],"collection":[{"href":"https:\/\/www.zaurxan.com\/index.php\/wp-json\/wp\/v2\/pages"}],"about":[{"href":"https:\/\/www.zaurxan.com\/index.php\/wp-json\/wp\/v2\/types\/page"}],"author":[{"embeddable":true,"href":"https:\/\/www.zaurxan.com\/index.php\/wp-json\/wp\/v2\/users\/1"}],"replies":[{"embeddable":true,"href":"https:\/\/www.zaurxan.com\/index.php\/wp-json\/wp\/v2\/comments?post=2992"}],"version-history":[{"count":136,"href":"https:\/\/www.zaurxan.com\/index.php\/wp-json\/wp\/v2\/pages\/2992\/revisions"}],"predecessor-version":[{"id":6588,"href":"https:\/\/www.zaurxan.com\/index.php\/wp-json\/wp\/v2\/pages\/2992\/revisions\/6588"}],"wp:attachment":[{"href":"https:\/\/www.zaurxan.com\/index.php\/wp-json\/wp\/v2\/media?parent=2992"}],"curies":[{"name":"wp","href":"https:\/\/api.w.org\/{rel}","templated":true}]}}