
{"id":3514,"date":"2024-04-22T13:00:39","date_gmt":"2024-04-22T13:00:39","guid":{"rendered":"http:\/\/localhost:8888\/melodica-wp\/?page_id=3514"},"modified":"2025-11-29T13:45:08","modified_gmt":"2025-11-29T10:45:08","slug":"home-5","status":"publish","type":"page","link":"https:\/\/www.zaurxan.com\/index.php\/home-5\/","title":{"rendered":"Home 5"},"content":{"rendered":"\t\t<div data-elementor-type=\"wp-page\" data-elementor-id=\"3514\" class=\"elementor elementor-3514\">\n\t\t\t\t<div class=\"elementor-element elementor-element-ebbd343 e-con-full e-flex e-con e-parent\" data-id=\"ebbd343\" data-element_type=\"container\">\n\t\t\t\t<div class=\"elementor-element elementor-element-a7308fb elementor-widget elementor-widget-hero_5\" data-id=\"a7308fb\" data-element_type=\"widget\" data-widget_type=\"hero_5.default\">\n\t\t\t\t<div class=\"elementor-widget-container\">\n\t\t\t\t\t\n\n\n\t\t<div class=\"hero-5\">\n        <div class=\"swiper hero-carousel\">\n            <div class=\"swiper-wrapper\">\n\n\t\t\t                <div class=\"swiper-slide\">\n                    <div class=\"slide-caption\">\n                        <span class=\"subtitle text-anime\" data-swiper-parallax-x=\"-30%\">Zaur Xan &amp; A\u011fazaman Salamzade<\/span>\n                        <h3 class=\"title text-anime\" data-swiper-parallax-x=\"-60%\">Get Desen 2025<\/h3>\n                        <div class=\"bordered-outer\" data-swiper-parallax-x=\"-100%\">  \n                            <a  target=\"_blank\" href=\"https:\/\/youtu.be\/9SnDaVYm1ao?list=RD9SnDaVYm1ao\" class=\"bordered-link fade-in\">Listen Now!<\/a>\n                        <\/div>\n                    <\/div>\n                    <div class=\"image overlay\" style=\"background-image: url(https:\/\/www.zaurxan.com\/wp-content\/uploads\/2025\/11\/hq720.avif)\"><\/div>\n                <\/div>\n\t\t\t                <div class=\"swiper-slide\">\n                    <div class=\"slide-caption\">\n                        <span class=\"subtitle text-anime\" data-swiper-parallax-x=\"-30%\">Zaur Xan<\/span>\n                        <h3 class=\"title text-anime\" data-swiper-parallax-x=\"-60%\">Ne G\u00f6zel Toy 2024<\/h3>\n                        <div class=\"bordered-outer\" data-swiper-parallax-x=\"-100%\">  \n                            <a  target=\"_blank\" href=\"https:\/\/youtu.be\/Ovg28eyxUXU\" class=\"bordered-link fade-in\">Listen Now!<\/a>\n                        <\/div>\n                    <\/div>\n                    <div class=\"image overlay\" style=\"background-image: url(https:\/\/www.zaurxan.com\/wp-content\/uploads\/2025\/11\/WhatsApp-Gorsel-2025-11-29-saat-11.55.22_a8f13679-1.jpg)\"><\/div>\n                <\/div>\n\t\t\t                <div class=\"swiper-slide\">\n                    <div class=\"slide-caption\">\n                        <span class=\"subtitle text-anime\" data-swiper-parallax-x=\"-30%\">Zaur Xan<\/span>\n                        <h3 class=\"title text-anime\" data-swiper-parallax-x=\"-60%\">Gec\u0259 Olur Ay \u00c7\u0131x\u0131r 2024<\/h3>\n                        <div class=\"bordered-outer\" data-swiper-parallax-x=\"-100%\">  \n                            <a  target=\"_blank\" href=\"https:\/\/youtu.be\/qhx_VdHaec8?list=RDqhx_VdHaec8\" class=\"bordered-link fade-in\">Listen Now!<\/a>\n                        <\/div>\n                    <\/div>\n                    <div class=\"image overlay\" style=\"background-image: url(https:\/\/www.zaurxan.com\/wp-content\/uploads\/2025\/11\/WhatsApp-Gorsel-2025-11-29-saat-11.55.35_4419d175.jpg)\"><\/div>\n                <\/div>\n\t\t\t                <div class=\"swiper-slide\">\n                    <div class=\"slide-caption\">\n                        <span class=\"subtitle text-anime\" data-swiper-parallax-x=\"-30%\">Zaur Xan<\/span>\n                        <h3 class=\"title text-anime\" data-swiper-parallax-x=\"-60%\">Ayrilan A\u015fiq 2024 <\/h3>\n                        <div class=\"bordered-outer\" data-swiper-parallax-x=\"-100%\">  \n                            <a  target=\"_blank\" href=\"https:\/\/youtu.be\/qyyr_2CCo3g?list=RDqyyr_2CCo3g\" class=\"bordered-link fade-in\">Listen Now!<\/a>\n                        <\/div>\n                    <\/div>\n                    <div class=\"image overlay\" style=\"background-image: url(https:\/\/www.zaurxan.com\/wp-content\/uploads\/2025\/11\/hq720-3.avif)\"><\/div>\n                <\/div>\n\t\t\t\n            <\/div>\n            <div class=\"swiper-pagination\"><\/div>\n          <\/div>\n\n          <div class=\"slider-bottom\">\n            <div class=\"row\">\n                <div class=\"col-6\">\n                    <div class=\"slider-arrows\">\n                        <i class=\"fas fa-chevron-left\"><\/i>\n                        <i class=\"fas fa-chevron-right\"><\/i>\n                    <\/div>\n                <\/div>\n                <div class=\"col-6\">\n                    <div class=\"social\">\n\t\t\t\t\t  \n\t\t\t\t\t\t<a  target=\"_blank\" href=\"https:\/\/www.youtube.com\/redirect?event=channel_description&redir_token=QUFFLUhqa09aQTJkXzVvNVlZeUZQdnk0MzRQQkVpVE05UXxBQ3Jtc0tsSVU5QlUtZWlZQzNXWHdfRjJDOFBjUTJfWjR1V0Z6dmdPOUlVT2R4bGFwZ2JhVk5nVXNPRHl1ZEhIVWdfTVB6U0ZIMlJqMGdzZURQeF9XaW9qemtmTlFieWtTbHA3bXZTNGRldnlMOWU0T00zM2V5QQ&q=https%3A%2F%2Fwww.instagram.com%2Fzaurxan_music\">Instagram<\/a>\n\t\t\t\t\t\t  \n\t\t\t\t\t\t<a  target=\"_blank\" href=\"http:\/\/www.youtube.com\/@zaurxan\">Youtube<\/a>\n\t\t\t\t\t\t  \n\t\t\t\t\t\t<a  target=\"_blank\" href=\"https:\/\/www.youtube.com\/redirect?event=channel_description&redir_token=QUFFLUhqbTR4bVlzejV6aHFQb2ZpcGFLYkxmdDBXNWVuQXxBQ3Jtc0tueWNKY3BXSkhrTlFYRmRobkZtN2g1QzVZT2h3TjJiNUdwZVkyVXVEckpiRVRjNWpBRURZdC1ENnl3U2tpZDZiQWFnc1lkblY2Y0ptNjR4SGdTOVEtSWVGUF9vZWo1U2lQZTFSX25uVzFRci1JZHc0MA&q=https%3A%2F%2Fwww.tiktok.com%2F%40zaurxan_music\">TikTok<\/a>\n\t\t\t\t\t\t                    <\/div>\n                    <div class=\"social-trigger\">\n                        <p>Default Text<\/p>\n                        <i class=\"ri-share-line\"><\/i>\n                    <\/div>\n                <\/div>\n            <\/div>\n          <\/div>\n    <\/div>\n    <div class=\"social-mobile\">\n        <div class=\"close\">\n            <i class=\"ri-close-line\"><\/i>\n        <\/div>\n        <div class=\"outer\">\n            <div class=\"inner\">\n\n\t\t\t  \n\t\t\t\t\t\t<a  target=\"_blank\" href=\"https:\/\/www.youtube.com\/redirect?event=channel_description&redir_token=QUFFLUhqa09aQTJkXzVvNVlZeUZQdnk0MzRQQkVpVE05UXxBQ3Jtc0tsSVU5QlUtZWlZQzNXWHdfRjJDOFBjUTJfWjR1V0Z6dmdPOUlVT2R4bGFwZ2JhVk5nVXNPRHl1ZEhIVWdfTVB6U0ZIMlJqMGdzZURQeF9XaW9qemtmTlFieWtTbHA3bXZTNGRldnlMOWU0T00zM2V5QQ&q=https%3A%2F%2Fwww.instagram.com%2Fzaurxan_music\">Instagram<\/a>\n\t\t\t\t\t\t  \n\t\t\t\t\t\t<a  target=\"_blank\" href=\"http:\/\/www.youtube.com\/@zaurxan\">Youtube<\/a>\n\t\t\t\t\t\t  \n\t\t\t\t\t\t<a  target=\"_blank\" href=\"https:\/\/www.youtube.com\/redirect?event=channel_description&redir_token=QUFFLUhqbTR4bVlzejV6aHFQb2ZpcGFLYkxmdDBXNWVuQXxBQ3Jtc0tueWNKY3BXSkhrTlFYRmRobkZtN2g1QzVZT2h3TjJiNUdwZVkyVXVEckpiRVRjNWpBRURZdC1ENnl3U2tpZDZiQWFnc1lkblY2Y0ptNjR4SGdTOVEtSWVGUF9vZWo1U2lQZTFSX25uVzFRci1JZHc0MA&q=https%3A%2F%2Fwww.tiktok.com%2F%40zaurxan_music\">TikTok<\/a>\n\t\t\t\t\t\t            <\/div>\n        <\/div>\n    <\/div>\n\n\n\t\t\t\t<\/div>\n\t\t\t\t<\/div>\n\t\t\t\t<\/div>\n\t\t<div class=\"elementor-element elementor-element-218c263 e-flex e-con-boxed e-con e-parent\" data-id=\"218c263\" data-element_type=\"container\">\n\t\t\t\t\t<div class=\"e-con-inner\">\n\t\t\t\t<div class=\"elementor-element elementor-element-b95b98a elementor-widget elementor-widget-heading\" data-id=\"b95b98a\" data-element_type=\"widget\" data-widget_type=\"heading.default\">\n\t\t\t\t<div class=\"elementor-widget-container\">\n\t\t\t\t\t\n<style>\n\n\t.text-gradient {\n\t\tcolor:  ;\n\t}\n<\/style>\n\n\t<h3 class=\"text-anime title-h text-gradient\">Our Members<\/h3>\t\n\n\t\t\t\t<\/div>\n\t\t\t\t<\/div>\n\t\t\t\t<div class=\"elementor-element elementor-element-ba3f85f elementor-widget elementor-widget-team_member\" data-id=\"ba3f85f\" data-element_type=\"widget\" data-widget_type=\"team_member.default\">\n\t\t\t\t<div class=\"elementor-widget-container\">\n\t\t\t\t\t\n\n<div class=\"members-2\">\n\t<div class=\"member-list\">\n\t\t<ul>\n\t\t\t\t\t\t\t<li class=\"fade-right\" data-delay=\".0\"><a href=\"single-artist.html\"><h4 class=\"name\">James Brown<\/h4> <span class=\"job\">main vocal<\/span><img decoding=\"async\" src=\"https:\/\/melodica-wordpress.tavonline.co\/wp-content\/uploads\/2024\/12\/team-1.jpg\" alt=\"team\"><\/a><\/li>\n\t\t\t\t\t\t\t<li class=\"fade-right\" data-delay=\".1\"><a href=\"single-artist.html\"><h4 class=\"name\">Lisa K. Weller<\/h4> <span class=\"job\">main vocal<\/span><img decoding=\"async\" src=\"https:\/\/melodica-wordpress.tavonline.co\/wp-content\/uploads\/2024\/12\/team-3.jpg\" alt=\"team\"><\/a><\/li>\n\t\t\t\t\t\t\t<li class=\"fade-right\" data-delay=\".2\"><a href=\"single-artist.html\"><h4 class=\"name\">Juan Guimond<\/h4> <span class=\"job\">guitar<\/span><img decoding=\"async\" src=\"https:\/\/melodica-wordpress.tavonline.co\/wp-content\/uploads\/2024\/12\/team-2.jpg\" alt=\"team\"><\/a><\/li>\n\t\t\t\t\t\t\t<li class=\"fade-right\" data-delay=\".3\"><a href=\"single-artist.html\"><h4 class=\"name\">Agnes Robinson<\/h4> <span class=\"job\">bass guitar<\/span><img decoding=\"async\" src=\"https:\/\/melodica-wordpress.tavonline.co\/wp-content\/uploads\/2024\/12\/team-4.jpg\" alt=\"team\"><\/a><\/li>\n\t\t\t\t\t\t\t<li class=\"fade-right\" data-delay=\".4\"><a href=\"single-artist.html\"><h4 class=\"name\">James Brown<\/h4> <span class=\"job\">main vocal<\/span><img decoding=\"async\" src=\"https:\/\/melodica-wordpress.tavonline.co\/wp-content\/uploads\/2024\/12\/team-1.jpg\" alt=\"team\"><\/a><\/li>\n\t\t\t\t\t\t\t<li class=\"fade-right\" data-delay=\".5\"><a href=\"single-artist.html\"><h4 class=\"name\">Whitney H. Williams<\/h4> <span class=\"job\">main vocal<\/span><img decoding=\"async\" src=\"https:\/\/melodica-wordpress.tavonline.co\/wp-content\/uploads\/2024\/12\/team-5.jpg\" alt=\"team\"><\/a><\/li>\n\t\t\t\t\t\t\t<li class=\"fade-right\" data-delay=\".6\"><a href=\"single-artist.html\"><h4 class=\"name\">Samuel Chong<\/h4> <span class=\"job\">drummer<\/span><img decoding=\"async\" src=\"https:\/\/melodica-wordpress.tavonline.co\/wp-content\/uploads\/2024\/12\/team-6.jpg\" alt=\"team\"><\/a><\/li>\n\t\t\t\t\t<\/ul>\n\t<\/div>\n<\/div>\n\n\n\n\n\t\t\t\t<\/div>\n\t\t\t\t<\/div>\n\t\t\t\t\t<\/div>\n\t\t\t\t<\/div>\n\t\t<div class=\"elementor-element elementor-element-1db8f62 e-con-full e-flex e-con e-parent\" data-id=\"1db8f62\" data-element_type=\"container\">\n\t\t\t\t<div class=\"elementor-element elementor-element-54bbb28 elementor-widget elementor-widget-parallax_image\" data-id=\"54bbb28\" data-element_type=\"widget\" data-widget_type=\"parallax_image.default\">\n\t\t\t\t<div class=\"elementor-widget-container\">\n\t\t\t\t\t\n<div class=\"video-type-2\">\n        <div class=\"caption\">\n            <div class=\"outer\">\n                <div class=\"inner\">\n                    <div class=\"container px-4\">\n                        <div class=\"row\">\n                            <div class=\"col-xl-8 col-lg-8\">\n                                <span class=\"subtitle text-anime\">VIDEO CLIP<\/span>\n                                <h3 class=\"text-anime\">Ne G\u00f6zel Toy 2024<\/h3>\n                                <div class=\"spacer-15\"><\/div>\n                                <p class=\"body-three text-anime\">\nSecond video clip of the new album,\n\u201cNe G\u00f6zel Toy  \u201d out now.<\/p>\n                            <\/div>\n                            <div class=\"col-xl-4 col-lg-4\"> \n                                <a href=\"https:\/\/www.zaurxan.com\/wp-content\/uploads\/2025\/11\/Ne-Gozel-Toy.mp4\" class=\"play-video popup-youtube fade-in\"><i class=\"ri-play-fill\"><\/i><\/a>\n                            <\/div>\n                        <\/div>\n                    <\/div>\n                <\/div>\n            <\/div>\n        <\/div>\n        <div class=\"image\" style=\"background-image: url('https:\/\/www.zaurxan.com\/wp-content\/uploads\/2025\/11\/WhatsApp-Gorsel-2025-11-29-saat-11.55.22_a8f13679-1.jpg');\"><\/div>\n    <\/div>\n\n\t\t\t\t<\/div>\n\t\t\t\t<\/div>\n\t\t\t\t<\/div>\n\t\t<div class=\"elementor-element elementor-element-ed791c0 e-con-full e-flex e-con e-parent\" data-id=\"ed791c0\" data-element_type=\"container\">\n\t\t\t\t<div class=\"elementor-element elementor-element-59f80c5 elementor-widget elementor-widget-parallax_image\" data-id=\"59f80c5\" data-element_type=\"widget\" data-widget_type=\"parallax_image.default\">\n\t\t\t\t<div class=\"elementor-widget-container\">\n\t\t\t\t\t\n<div class=\"video-type-2\">\n        <div class=\"caption\">\n            <div class=\"outer\">\n                <div class=\"inner\">\n                    <div class=\"container px-4\">\n                        <div class=\"row\">\n                            <div class=\"col-xl-8 col-lg-8\">\n                                <span class=\"subtitle text-anime\">VIDEO CLIP<\/span>\n                                <h3 class=\"text-anime\">Ne G\u00f6zel Toy 2024<\/h3>\n                                <div class=\"spacer-15\"><\/div>\n                                <p class=\"body-three text-anime\">\nSecond video clip of the new album,\n\u201cNe G\u00f6zel Toy  \u201d out now.<\/p>\n                            <\/div>\n                            <div class=\"col-xl-4 col-lg-4\"> \n                                <a href=\"https:\/\/www.zaurxan.com\/wp-content\/uploads\/2025\/11\/Ne-Gozel-Toy.mp4\" class=\"play-video popup-youtube fade-in\"><i class=\"ri-play-fill\"><\/i><\/a>\n                            <\/div>\n                        <\/div>\n                    <\/div>\n                <\/div>\n            <\/div>\n        <\/div>\n        <div class=\"image\" style=\"background-image: url('https:\/\/www.zaurxan.com\/wp-content\/uploads\/2025\/11\/WhatsApp-Gorsel-2025-11-29-saat-11.55.22_a8f13679-1.jpg');\"><\/div>\n    <\/div>\n\n\t\t\t\t<\/div>\n\t\t\t\t<\/div>\n\t\t\t\t<\/div>\n\t\t<div class=\"elementor-element elementor-element-6b22341d e-flex e-con-boxed e-con e-parent\" data-id=\"6b22341d\" data-element_type=\"container\">\n\t\t\t\t\t<div class=\"e-con-inner\">\n\t\t<div class=\"elementor-element elementor-element-7b83bf8a e-con-full e-flex e-con e-child\" data-id=\"7b83bf8a\" data-element_type=\"container\">\n\t\t\t\t<div class=\"elementor-element elementor-element-1e22b25e elementor-widget elementor-widget-heading\" data-id=\"1e22b25e\" data-element_type=\"widget\" data-widget_type=\"heading.default\">\n\t\t\t\t<div class=\"elementor-widget-container\">\n\t\t\t\t\t\n<style>\n\n\t.text-gradient {\n\t\tcolor:  ;\n\t}\n<\/style>\n\n\t<h3 class=\"text-anime title-h text-gradient\">Latest Released<\/h3>\t\n\n\t\t\t\t<\/div>\n\t\t\t\t<\/div>\n\t\t\t\t<\/div>\n\t\t<div class=\"elementor-element elementor-element-18432856 e-con-full e-flex e-con e-child\" data-id=\"18432856\" data-element_type=\"container\">\n\t\t\t\t<div class=\"elementor-element elementor-element-3d779bd elementor-widget elementor-widget-paragraph\" data-id=\"3d779bd\" data-element_type=\"widget\" data-widget_type=\"paragraph.default\">\n\t\t\t\t<div class=\"elementor-widget-container\">\n\t\t\t\t\t\n\t<p class=\"body-three  text-anime align-left\">The Melodica band, founded by John Doe, is one of the most<br>\nlistened bands in America today.\n<\/p>\n\n\n\n\t\t\t\t<\/div>\n\t\t\t\t<\/div>\n\t\t\t\t<\/div>\n\t\t\t\t\t<\/div>\n\t\t\t\t<\/div>\n\t\t<div class=\"elementor-element elementor-element-5994ce0 e-grid e-con-boxed e-con e-parent\" data-id=\"5994ce0\" data-element_type=\"container\">\n\t\t\t\t\t<div class=\"e-con-inner\">\n\t\t\t\t<div class=\"elementor-element elementor-element-81d7b86 elementor-widget elementor-widget-single_discography\" data-id=\"81d7b86\" data-element_type=\"widget\" data-widget_type=\"single_discography.default\">\n\t\t\t\t<div class=\"elementor-widget-container\">\n\t\t\t\t\t\n\n\t\t\t\t\t\t                <a href=\"https:\/\/www.zaurxan.com\/index.php\/discography\/twentyone-astronaut\/\" class=\"col-xl-4 col-lg-4 col-md-4 col-6 one-album\">\n\t\t\t\t\t\t\t\t\t<div class=\"spacer-15\"><\/div>\n                    <div class=\"discography-infos align-center\">\n                        <h6 class=\"text-anime\">Twentyone Astronaut<\/h6>\n                        <span class=\"text-anime\">2024<\/span>\n                    <\/div>\n\t\t\t\t                <\/a>\n\n\t\t\n\t\t\n\t\t\t\t<\/div>\n\t\t\t\t<\/div>\n\t\t\t\t<div class=\"elementor-element elementor-element-661c28b elementor-widget elementor-widget-single_discography\" data-id=\"661c28b\" data-element_type=\"widget\" data-widget_type=\"single_discography.default\">\n\t\t\t\t<div class=\"elementor-widget-container\">\n\t\t\t\t\t\n\n\t\t\t\t\t\t                <a href=\"https:\/\/www.zaurxan.com\/index.php\/discography\/infinite\/\" class=\"col-xl-4 col-lg-4 col-md-4 col-6 one-album\">\n\t\t\t\t\t\t\t\t\t<div class=\"spacer-15\"><\/div>\n                    <div class=\"discography-infos align-center\">\n                        <h6 class=\"text-anime\">Infinite<\/h6>\n                        <span class=\"text-anime\">2023<\/span>\n                    <\/div>\n\t\t\t\t                <\/a>\n\n\t\t\n\t\t\n\t\t\t\t<\/div>\n\t\t\t\t<\/div>\n\t\t\t\t<div class=\"elementor-element elementor-element-77a9005 elementor-widget elementor-widget-single_discography\" data-id=\"77a9005\" data-element_type=\"widget\" data-widget_type=\"single_discography.default\">\n\t\t\t\t<div class=\"elementor-widget-container\">\n\t\t\t\t\t\n\n\t\t\t\t\t\t                <a href=\"https:\/\/www.zaurxan.com\/index.php\/discography\/chill\/\" class=\"col-xl-4 col-lg-4 col-md-4 col-6 one-album\">\n\t\t\t\t\t\t\t\t\t<div class=\"spacer-15\"><\/div>\n                    <div class=\"discography-infos align-center\">\n                        <h6 class=\"text-anime\">Chill<\/h6>\n                        <span class=\"text-anime\">2023<\/span>\n                    <\/div>\n\t\t\t\t                <\/a>\n\n\t\t\n\t\t\n\t\t\t\t<\/div>\n\t\t\t\t<\/div>\n\t\t\t\t\t<\/div>\n\t\t\t\t<\/div>\n\t\t<div class=\"elementor-element elementor-element-2d795b4 e-flex e-con-boxed e-con e-parent\" data-id=\"2d795b4\" data-element_type=\"container\">\n\t\t\t\t\t<div class=\"e-con-inner\">\n\t\t\t\t<div class=\"elementor-element elementor-element-ae122c1 elementor-widget elementor-widget-heading\" data-id=\"ae122c1\" data-element_type=\"widget\" data-widget_type=\"heading.default\">\n\t\t\t\t<div class=\"elementor-widget-container\">\n\t\t\t\t\t\n<style>\n\n\t.text-gradient {\n\t\tcolor:  ;\n\t}\n<\/style>\n\n\t<h3 class=\"text-anime title-h text-gradient\">Photo Gallery<\/h3>\t\n\n\t\t\t\t<\/div>\n\t\t\t\t<\/div>\n\t\t\t\t\t<\/div>\n\t\t\t\t<\/div>\n\t\t<div class=\"elementor-element elementor-element-8de5f5f e-flex e-con-boxed e-con e-parent\" data-id=\"8de5f5f\" data-element_type=\"container\">\n\t\t\t\t\t<div class=\"e-con-inner\">\n\t\t\t\t<div class=\"elementor-element elementor-element-106745b elementor-widget elementor-widget-paragraph\" data-id=\"106745b\" data-element_type=\"widget\" data-widget_type=\"paragraph.default\">\n\t\t\t\t<div class=\"elementor-widget-container\">\n\t\t\t\t\t\n\t<p class=\"body-three  text-anime align-center\">Immortal frames of unforgettable moments\n\n<\/p>\n\n\n\n\t\t\t\t<\/div>\n\t\t\t\t<\/div>\n\t\t\t\t\t<\/div>\n\t\t\t\t<\/div>\n\t\t<div class=\"elementor-element elementor-element-e3057a3 e-flex e-con-boxed e-con e-parent\" data-id=\"e3057a3\" data-element_type=\"container\">\n\t\t\t\t\t<div class=\"e-con-inner\">\n\t\t\t\t<div class=\"elementor-element elementor-element-b3e6c00 elementor-widget elementor-widget-photo_gallery\" data-id=\"b3e6c00\" data-element_type=\"widget\" data-widget_type=\"photo_gallery.default\">\n\t\t\t\t<div class=\"elementor-widget-container\">\n\t\t\t\t\t\n\n    <div class=\"photo-gallery\">\n\t\t<!-- PHOTO GALLERY -->\n\t\t<div class=\"spacer-90 spacer-md-60 spacer-sm-30\"><\/div>\n\t\t<div class=\"gallery masonry row gx-5 gy-5\">\n\t\t\t<!-- Photo -->\n\t\t\t\t\t\t<div class=\"col-xl-3 col-6 grid-item\">\n\t\t\t\t<div class=\"lightbox image-anime\">\n\t\t\t\t\t<img decoding=\"async\" class=\"elementor-repeater-item-a4c09fe\" src=\"https:\/\/melodica-wordpress.tavonline.co\/wp-content\/uploads\/2024\/12\/gallery-1.jpg\" data-mfp-src=\"https:\/\/melodica-wordpress.tavonline.co\/wp-content\/uploads\/2024\/12\/gallery-1.jpg\" alt=\"gallery\">\n\t\t\t\t<\/div>\n\t\t\t<\/div>\n\t\t\t\t\t\t<div class=\"col-xl-3 col-6 grid-item\">\n\t\t\t\t<div class=\"lightbox image-anime\">\n\t\t\t\t\t<img decoding=\"async\" class=\"elementor-repeater-item-e8a6a14\" src=\"https:\/\/melodica-wordpress.tavonline.co\/wp-content\/uploads\/2024\/12\/gallery-2.jpg\" data-mfp-src=\"https:\/\/melodica-wordpress.tavonline.co\/wp-content\/uploads\/2024\/12\/video-cover.jpg\" alt=\"gallery\">\n\t\t\t\t<\/div>\n\t\t\t<\/div>\n\t\t\t\t\t\t<div class=\"col-xl-3 col-6 grid-item\">\n\t\t\t\t<div class=\"lightbox image-anime\">\n\t\t\t\t\t<img decoding=\"async\" class=\"elementor-repeater-item-3969de0\" src=\"https:\/\/melodica-wordpress.tavonline.co\/wp-content\/uploads\/2024\/12\/gallery-3.jpg\" data-mfp-src=\"https:\/\/melodica-wordpress.tavonline.co\/wp-content\/uploads\/2024\/12\/gallery-3.jpg\" alt=\"gallery\">\n\t\t\t\t<\/div>\n\t\t\t<\/div>\n\t\t\t\t\t\t<div class=\"col-xl-3 col-6 grid-item\">\n\t\t\t\t<div class=\"lightbox image-anime\">\n\t\t\t\t\t<img decoding=\"async\" class=\"elementor-repeater-item-e97d287\" src=\"https:\/\/melodica-wordpress.tavonline.co\/wp-content\/uploads\/2024\/12\/gallery-4.jpg\" data-mfp-src=\"https:\/\/melodica-wordpress.tavonline.co\/wp-content\/uploads\/2024\/12\/gallery-4.jpg\" alt=\"gallery\">\n\t\t\t\t<\/div>\n\t\t\t<\/div>\n\t\t\t\t\t\t<div class=\"col-xl-3 col-6 grid-item\">\n\t\t\t\t<div class=\"lightbox image-anime\">\n\t\t\t\t\t<img decoding=\"async\" class=\"elementor-repeater-item-ee80a27\" src=\"https:\/\/melodica-wordpress.tavonline.co\/wp-content\/uploads\/2024\/12\/gallery-5.jpg\" data-mfp-src=\"https:\/\/melodica-wordpress.tavonline.co\/wp-content\/uploads\/2024\/12\/gallery-5.jpg\" alt=\"gallery\">\n\t\t\t\t<\/div>\n\t\t\t<\/div>\n\t\t\t\t\t\t<div class=\"col-xl-3 col-6 grid-item\">\n\t\t\t\t<div class=\"lightbox image-anime\">\n\t\t\t\t\t<img decoding=\"async\" class=\"elementor-repeater-item-15e32c2\" src=\"https:\/\/melodica-wordpress.tavonline.co\/wp-content\/uploads\/2024\/12\/gallery-7.jpg\" data-mfp-src=\"https:\/\/melodica-wordpress.tavonline.co\/wp-content\/uploads\/2024\/12\/gallery-7.jpg\" alt=\"gallery\">\n\t\t\t\t<\/div>\n\t\t\t<\/div>\n\t\t\t\t\t\t<div class=\"col-xl-3 col-6 grid-item\">\n\t\t\t\t<div class=\"lightbox image-anime\">\n\t\t\t\t\t<img decoding=\"async\" class=\"elementor-repeater-item-900d34d\" src=\"https:\/\/melodica-wordpress.tavonline.co\/wp-content\/uploads\/2024\/12\/gallery-6.jpg\" data-mfp-src=\"https:\/\/melodica-wordpress.tavonline.co\/wp-content\/uploads\/2024\/12\/gallery-6.jpg\" alt=\"gallery\">\n\t\t\t\t<\/div>\n\t\t\t<\/div>\n\t\t\t\t\t\t<div class=\"col-xl-3 col-6 grid-item\">\n\t\t\t\t<div class=\"lightbox image-anime\">\n\t\t\t\t\t<img decoding=\"async\" class=\"elementor-repeater-item-46cf93a\" src=\"https:\/\/melodica-wordpress.tavonline.co\/wp-content\/uploads\/2024\/12\/gallery-3-2-thumb-1.jpg\" data-mfp-src=\"https:\/\/melodica-wordpress.tavonline.co\/wp-content\/uploads\/2024\/12\/gallery-3-2-1.jpg\" alt=\"gallery\">\n\t\t\t\t<\/div>\n\t\t\t<\/div>\n\t\t\t\t\t<\/div>\n    <\/div>\n\n\n\t\t\t\t<\/div>\n\t\t\t\t<\/div>\n\t\t\t\t\t<\/div>\n\t\t\t\t<\/div>\n\t\t\t\t<\/div>\n\t\t","protected":false},"excerpt":{"rendered":"<p>Zaur Xan &amp; A\u011fazaman Salamzade Get Desen 2025 Listen Now! Zaur Xan Ne G\u00f6zel Toy 2024 Listen Now! Zaur Xan Gec\u0259 Olur Ay \u00c7\u0131x\u0131r 2024 Listen Now! Zaur Xan Ayrilan&#8230;<\/p>\n","protected":false},"author":1,"featured_media":0,"parent":0,"menu_order":0,"comment_status":"closed","ping_status":"closed","template":"","meta":{"_acf_changed":false,"_monsterinsights_skip_tracking":false,"_monsterinsights_sitenote_active":false,"_monsterinsights_sitenote_note":"","_monsterinsights_sitenote_category":0,"footnotes":""},"class_list":["post-3514","page","type-page","status-publish","hentry"],"acf":[],"aioseo_notices":[],"_links":{"self":[{"href":"https:\/\/www.zaurxan.com\/index.php\/wp-json\/wp\/v2\/pages\/3514","targetHints":{"allow":["GET"]}}],"collection":[{"href":"https:\/\/www.zaurxan.com\/index.php\/wp-json\/wp\/v2\/pages"}],"about":[{"href":"https:\/\/www.zaurxan.com\/index.php\/wp-json\/wp\/v2\/types\/page"}],"author":[{"embeddable":true,"href":"https:\/\/www.zaurxan.com\/index.php\/wp-json\/wp\/v2\/users\/1"}],"replies":[{"embeddable":true,"href":"https:\/\/www.zaurxan.com\/index.php\/wp-json\/wp\/v2\/comments?post=3514"}],"version-history":[{"count":48,"href":"https:\/\/www.zaurxan.com\/index.php\/wp-json\/wp\/v2\/pages\/3514\/revisions"}],"predecessor-version":[{"id":6529,"href":"https:\/\/www.zaurxan.com\/index.php\/wp-json\/wp\/v2\/pages\/3514\/revisions\/6529"}],"wp:attachment":[{"href":"https:\/\/www.zaurxan.com\/index.php\/wp-json\/wp\/v2\/media?parent=3514"}],"curies":[{"name":"wp","href":"https:\/\/api.w.org\/{rel}","templated":true}]}}